{"id":9220,"date":"2023-07-17T13:37:15","date_gmt":"2023-07-17T13:37:15","guid":{"rendered":"http:\/\/staging.designanddisrupt.co\/?post_type=product&#038;p=9220"},"modified":"2023-07-17T13:38:45","modified_gmt":"2023-07-17T13:38:45","slug":"the-social-media-content-template-bundle","status":"publish","type":"product","link":"https:\/\/staging.designanddisrupt.co\/sv\/produkt\/the-social-media-content-template-bundle\/","title":{"rendered":"Mallpaket f\u00f6r Inneh\u00e5ll i Sociala Medier"},"content":{"rendered":"<div class=\"et_pb_row et_pb_row_1\">\n<div class=\"et_pb_column et_pb_column_4_4 et_pb_column_2 et_pb_css_mix_blend_mode_passthrough et-last-child\">\n<div class=\"et_pb_module et_pb_text et_pb_text_4 et_pb_text_align_right et_pb_bg_layout_light\">\n<div class=\"et_pb_text_inner\">\n<h2 id='what-s-inside'  style=\"text-align: left;\" ><span class=\"title_underline\">What\u2019s Inside<\/span><\/h2>\n<\/div>\n<\/div>\n<div class=\"et_pb_module et_pb_text et_pb_text_5 et_pb_text_align_left et_pb_bg_layout_light\">\n<div class=\"et_pb_text_inner\">\n<h3 id='the-social-media-content-template-bundle-includes'  class=\"se-t sie-problem-2_1-text st-m-heading st-d-heading se-rc\" >PAKETET MED MALLAR F\u00d6R INNEH\u00c5LL I SOCIALA MEDIER INNEH\u00c5LLER:<\/h3>\n<\/div>\n<\/div>\n<\/div>\n<\/div>\n<div class=\"et_pb_row et_pb_row_2 et_pb_gutters2\">\n<div class=\"et_pb_column et_pb_column_1_2 et_pb_column_3 et_pb_css_mix_blend_mode_passthrough\">\n<div class=\"et_pb_module et_pb_text et_pb_text_6 et_pb_text_align_left et_pb_bg_layout_light\">\n<div class=\"et_pb_text_inner\">\n<p>\u2713 100 mallar f\u00f6r Instagram-fl\u00f6de<\/p>\n<p>\u2713 100 mallar f\u00f6r Facebook-inl\u00e4gg<\/p>\n<p>\u2713 100 mallar f\u00f6r Pinterest Pin<\/p>\n<p>\u2713 100 mallar f\u00f6r LinkedIn-inl\u00e4gg<\/p>\n<p>\u2713 100 mallar f\u00f6r Twitter-inl\u00e4gg<\/p>\n<p>\u2713 20 mallar f\u00f6r IG- och FB-ber\u00e4ttelser<\/p>\n<\/div>\n<\/div>\n<\/div>\n<\/div>","protected":false},"excerpt":{"rendered":"<p>V\u00e5r mest v\u00e4rdefulla resurs n\u00e5gonsin. Nu beh\u00f6ver du inte l\u00e4ngre stirra p\u00e5 en tom sk\u00e4rm och k\u00e4mpa f\u00f6r att skapa estetiskt inneh\u00e5ll f\u00f6r sociala medier. 500+ professionellt utformade och anpassningsbara mallar. Det h\u00e4r \u00e4r himmelriket f\u00f6r DIY-inneh\u00e5ll f\u00f6r sociala medier.<\/p>","protected":false},"featured_media":9139,"comment_status":"open","ping_status":"closed","template":"","meta":{"_et_pb_use_builder":"","_et_pb_old_content":"","_et_gb_content_width":""},"product_cat":[101],"product_tag":[],"yoast_head":"<!-- This site is optimized with the Yoast SEO plugin v21.7 - https:\/\/yoast.com\/wordpress\/plugins\/seo\/ -->\n<title>The Social Media Content Template Bundle - Design and Disrupt<\/title>\n<meta name=\"robots\" content=\"noindex, follow\" \/>\n<meta property=\"og:locale\" content=\"sv_SE\" \/>\n<meta property=\"og:type\" content=\"article\" \/>\n<meta property=\"og:title\" content=\"The Social Media Content Template Bundle - Design and Disrupt\" \/>\n<meta property=\"og:description\" content=\"Our most valuable resource ever. No more staring at a blank screen and struggling to create aesthetic social media content. 500+ professionally designed and customizable templates. This is DIY social media content heaven.\" \/>\n<meta property=\"og:url\" content=\"https:\/\/staging.designanddisrupt.co\/sv\/produkt\/the-social-media-content-template-bundle\/\" \/>\n<meta property=\"og:site_name\" content=\"Design and Disrupt\" \/>\n<meta property=\"article:publisher\" content=\"https:\/\/www.facebook.com\/designanddisruptco\" \/>\n<meta property=\"article:modified_time\" content=\"2023-07-17T13:38:45+00:00\" \/>\n<meta property=\"og:image\" content=\"https:\/\/staging.designanddisrupt.co\/wp-content\/uploads\/2023\/07\/The-Social-Media-Content-Template-Bundle.jpg\" \/>\n\t<meta property=\"og:image:width\" content=\"916\" \/>\n\t<meta property=\"og:image:height\" content=\"768\" \/>\n\t<meta property=\"og:image:type\" content=\"image\/jpeg\" \/>\n<meta name=\"twitter:card\" content=\"summary_large_image\" \/>\n<meta name=\"twitter:site\" content=\"@AndDisrupt\" \/>\n<script type=\"application\/ld+json\" class=\"yoast-schema-graph\">{\"@context\":\"https:\/\/schema.org\",\"@graph\":[{\"@type\":\"WebPage\",\"@id\":\"https:\/\/staging.designanddisrupt.co\/product\/the-social-media-content-template-bundle\/\",\"url\":\"https:\/\/staging.designanddisrupt.co\/product\/the-social-media-content-template-bundle\/\",\"name\":\"The Social Media Content Template Bundle - Design and Disrupt\",\"isPartOf\":{\"@id\":\"https:\/\/staging.designanddisrupt.co\/#website\"},\"datePublished\":\"2023-07-17T13:37:15+00:00\",\"dateModified\":\"2023-07-17T13:38:45+00:00\",\"breadcrumb\":{\"@id\":\"https:\/\/staging.designanddisrupt.co\/product\/the-social-media-content-template-bundle\/#breadcrumb\"},\"inLanguage\":\"sv-SE\",\"potentialAction\":[{\"@type\":\"ReadAction\",\"target\":[\"https:\/\/staging.designanddisrupt.co\/product\/the-social-media-content-template-bundle\/\"]}]},{\"@type\":\"BreadcrumbList\",\"@id\":\"https:\/\/staging.designanddisrupt.co\/product\/the-social-media-content-template-bundle\/#breadcrumb\",\"itemListElement\":[{\"@type\":\"ListItem\",\"position\":1,\"name\":\"Home\",\"item\":\"https:\/\/staging.designanddisrupt.co\/\"},{\"@type\":\"ListItem\",\"position\":2,\"name\":\"The Create &#038; Convert Shop\",\"item\":\"https:\/\/staging.designanddisrupt.co\/the-create-and-convert-shop\/\"},{\"@type\":\"ListItem\",\"position\":3,\"name\":\"The Social Media Content Template Bundle\"}]},{\"@type\":\"WebSite\",\"@id\":\"https:\/\/staging.designanddisrupt.co\/#website\",\"url\":\"https:\/\/staging.designanddisrupt.co\/\",\"name\":\"Design and Disrupt\",\"description\":\"We Market Your Business Like It&#039;s Ours\",\"publisher\":{\"@id\":\"https:\/\/staging.designanddisrupt.co\/#organization\"},\"potentialAction\":[{\"@type\":\"SearchAction\",\"target\":{\"@type\":\"EntryPoint\",\"urlTemplate\":\"https:\/\/staging.designanddisrupt.co\/?s={search_term_string}\"},\"query-input\":\"required name=search_term_string\"}],\"inLanguage\":\"sv-SE\"},{\"@type\":\"Organization\",\"@id\":\"https:\/\/staging.designanddisrupt.co\/#organization\",\"name\":\"Design and Disrupt Co.\",\"url\":\"https:\/\/staging.designanddisrupt.co\/\",\"logo\":{\"@type\":\"ImageObject\",\"inLanguage\":\"sv-SE\",\"@id\":\"https:\/\/staging.designanddisrupt.co\/#\/schema\/logo\/image\/\",\"url\":\"http:\/\/staging.designanddisrupt.co\/wp-content\/uploads\/2022\/11\/309391429_159697846677963_2853838815974018940_n.jpg\",\"contentUrl\":\"http:\/\/staging.designanddisrupt.co\/wp-content\/uploads\/2022\/11\/309391429_159697846677963_2853838815974018940_n.jpg\",\"width\":500,\"height\":500,\"caption\":\"Design and Disrupt Co.\"},\"image\":{\"@id\":\"https:\/\/staging.designanddisrupt.co\/#\/schema\/logo\/image\/\"},\"sameAs\":[\"https:\/\/www.facebook.com\/designanddisruptco\",\"https:\/\/twitter.com\/AndDisrupt\",\"https:\/\/www.pinterest.ph\/designanddisruptco\",\"https:\/\/www.instagram.com\/designanddisruptco\/\",\"https:\/\/www.linkedin.com\/company\/designanddisruptco\"]}]}<\/script>\n<!-- \/ Yoast SEO plugin. -->","yoast_head_json":{"title":"The Social Media Content Template Bundle - Design and Disrupt","robots":{"index":"noindex","follow":"follow"},"og_locale":"sv_SE","og_type":"article","og_title":"The Social Media Content Template Bundle - Design and Disrupt","og_description":"Our most valuable resource ever. No more staring at a blank screen and struggling to create aesthetic social media content. 500+ professionally designed and customizable templates. This is DIY social media content heaven.","og_url":"https:\/\/staging.designanddisrupt.co\/sv\/produkt\/the-social-media-content-template-bundle\/","og_site_name":"Design and Disrupt","article_publisher":"https:\/\/www.facebook.com\/designanddisruptco","article_modified_time":"2023-07-17T13:38:45+00:00","og_image":[{"width":916,"height":768,"url":"https:\/\/staging.designanddisrupt.co\/wp-content\/uploads\/2023\/07\/The-Social-Media-Content-Template-Bundle.jpg","type":"image\/jpeg"}],"twitter_card":"summary_large_image","twitter_site":"@AndDisrupt","schema":{"@context":"https:\/\/schema.org","@graph":[{"@type":"WebPage","@id":"https:\/\/staging.designanddisrupt.co\/product\/the-social-media-content-template-bundle\/","url":"https:\/\/staging.designanddisrupt.co\/product\/the-social-media-content-template-bundle\/","name":"The Social Media Content Template Bundle - Design and Disrupt","isPartOf":{"@id":"https:\/\/staging.designanddisrupt.co\/#website"},"datePublished":"2023-07-17T13:37:15+00:00","dateModified":"2023-07-17T13:38:45+00:00","breadcrumb":{"@id":"https:\/\/staging.designanddisrupt.co\/product\/the-social-media-content-template-bundle\/#breadcrumb"},"inLanguage":"sv-SE","potentialAction":[{"@type":"ReadAction","target":["https:\/\/staging.designanddisrupt.co\/product\/the-social-media-content-template-bundle\/"]}]},{"@type":"BreadcrumbList","@id":"https:\/\/staging.designanddisrupt.co\/product\/the-social-media-content-template-bundle\/#breadcrumb","itemListElement":[{"@type":"ListItem","position":1,"name":"Home","item":"https:\/\/staging.designanddisrupt.co\/"},{"@type":"ListItem","position":2,"name":"The Create &#038; Convert Shop","item":"https:\/\/staging.designanddisrupt.co\/the-create-and-convert-shop\/"},{"@type":"ListItem","position":3,"name":"The Social Media Content Template Bundle"}]},{"@type":"WebSite","@id":"https:\/\/staging.designanddisrupt.co\/#website","url":"https:\/\/staging.designanddisrupt.co\/","name":"Design and Disrupt","description":"We Market Your Business Like It&#039;s Ours","publisher":{"@id":"https:\/\/staging.designanddisrupt.co\/#organization"},"potentialAction":[{"@type":"SearchAction","target":{"@type":"EntryPoint","urlTemplate":"https:\/\/staging.designanddisrupt.co\/?s={search_term_string}"},"query-input":"required name=search_term_string"}],"inLanguage":"sv-SE"},{"@type":"Organization","@id":"https:\/\/staging.designanddisrupt.co\/#organization","name":"Design and Disrupt Co.","url":"https:\/\/staging.designanddisrupt.co\/","logo":{"@type":"ImageObject","inLanguage":"sv-SE","@id":"https:\/\/staging.designanddisrupt.co\/#\/schema\/logo\/image\/","url":"http:\/\/staging.designanddisrupt.co\/wp-content\/uploads\/2022\/11\/309391429_159697846677963_2853838815974018940_n.jpg","contentUrl":"http:\/\/staging.designanddisrupt.co\/wp-content\/uploads\/2022\/11\/309391429_159697846677963_2853838815974018940_n.jpg","width":500,"height":500,"caption":"Design and Disrupt Co."},"image":{"@id":"https:\/\/staging.designanddisrupt.co\/#\/schema\/logo\/image\/"},"sameAs":["https:\/\/www.facebook.com\/designanddisruptco","https:\/\/twitter.com\/AndDisrupt","https:\/\/www.pinterest.ph\/designanddisruptco","https:\/\/www.instagram.com\/designanddisruptco\/","https:\/\/www.linkedin.com\/company\/designanddisruptco"]}]}},"_links":{"self":[{"href":"https:\/\/staging.designanddisrupt.co\/sv\/wp-json\/wp\/v2\/product\/9220"}],"collection":[{"href":"https:\/\/staging.designanddisrupt.co\/sv\/wp-json\/wp\/v2\/product"}],"about":[{"href":"https:\/\/staging.designanddisrupt.co\/sv\/wp-json\/wp\/v2\/types\/product"}],"replies":[{"embeddable":true,"href":"https:\/\/staging.designanddisrupt.co\/sv\/wp-json\/wp\/v2\/comments?post=9220"}],"wp:featuredmedia":[{"embeddable":true,"href":"https:\/\/staging.designanddisrupt.co\/sv\/wp-json\/wp\/v2\/media\/9139"}],"wp:attachment":[{"href":"https:\/\/staging.designanddisrupt.co\/sv\/wp-json\/wp\/v2\/media?parent=9220"}],"wp:term":[{"taxonomy":"product_cat","embeddable":true,"href":"https:\/\/staging.designanddisrupt.co\/sv\/wp-json\/wp\/v2\/product_cat?post=9220"},{"taxonomy":"product_tag","embeddable":true,"href":"https:\/\/staging.designanddisrupt.co\/sv\/wp-json\/wp\/v2\/product_tag?post=9220"}],"curies":[{"name":"wp","href":"https:\/\/api.w.org\/{rel}","templated":true}]}}